{"id":9,"date":"2023-10-29T20:54:55","date_gmt":"2023-10-29T20:54:55","guid":{"rendered":"http:\/\/www.parafiaspytkowice.pl\/?page_id=9"},"modified":"2023-11-12T20:21:13","modified_gmt":"2023-11-12T20:21:13","slug":"nabozenstwa","status":"publish","type":"page","link":"https:\/\/www.parafiaspytkowice.pl\/index.php\/nabozenstwa\/","title":{"rendered":"Nabo\u017ce\u0144stwa"},"content":{"rendered":"\n<p><strong>Msze \u015bwi\u0119te w dni powszednie:<\/strong> 6:30, 18:00 (w okresie letnim), 17:00 (w okresie zimowym) <\/p>\n\n\n\n<p><strong>Msze \u015bwi\u0119te w niedziele i uroczysto\u015bci:<\/strong> 7:30, 8:30 (Kaplica w Miejscu), 9:30, 11:00, 12:15 (Kaplica w Przewozie), 17:00 (w okresie zimowym), 18:00 (w okresie letnim). Dodatkowo w niedziele i uroczysto\u015bci o godz. 7:00 intonowane s\u0105 Godzinki, natomiast o 16:30 (w okresie zimowym) i o 17:30 (w okresie letnim, z wyj\u0105tkiem okresu Wielkiego Postu) odprawiane s\u0105 nieszpory brewiarzowe. <\/p>\n\n\n\n<p><br>Okres zimowy w naszej parafii oznacza czas od ostatniego poniedzia\u0142ku wrze\u015bnia lub poniedzia\u0142ku wypadaj\u0105cego 1 lub 2 pa\u017adziernika do ostatniej niedzieli przed Wielkim Postem w\u0142\u0105cznie. Okres letni w naszej parafii oznacza czas od poniedzia\u0142ku przed Popielcem do ostatniej niedzieli wrze\u015bnia lub niedzieli 1 pa\u017adziernika. <\/p>\n\n\n\n<p>W pierwsze czwartki miesi\u0105ca podczas wieczornych Mszy \u015bw. nast\u0119puje Adoracja Naj\u015bwi\u0119tszego Sakramentu wraz z modlitwami o powo\u0142ania kap\u0142a\u0144skie i zakonne. W pierwsze pi\u0105tki miesi\u0105ca po Mszach \u015bw. odmawiana jest Litania do Naj\u015bwi\u0119tszego Serca Pana Jezusa oraz Akt Oddania rodzaju ludzkiego, a po wieczornej Mszy \u015bw. przy wystawionym Naj\u015bwi\u0119tszym Sakramencie. Spowied\u017a wielkopi\u0105tkowa godzin\u0119 przed wieczorn\u0105 Msz\u0105 \u015bw. W pierwsze soboty miesi\u0105ca po Mszach \u015bw. odmawiana jest Litania Loreta\u0144ska do Naj\u015bwi\u0119tszej Maryi Panny oraz Modlitwa do Matki Bo\u017cej Spytkowickiej; po wieczornej Mszy przy Naj\u015bwi\u0119tszym Sakramencie. W pierwsze niedziele miesi\u0105ca po ka\u017cdej Mszy \u015bw. nast\u0119puje adoracja Naj\u015bwi\u0119tszego Sakramentu. <\/p>\n\n\n\n<p><strong>Porz\u0105dek pozosta\u0142ych Mszy i nabo\u017ce\u0144stw w ci\u0105gu roku liturgicznego:<\/strong> <\/p>\n\n\n\n<p>Roraty: w dni powszednie Adwentu o 6:30 i 17:00 (z kazaniem dla dzieci), 24 grudnia roraty o 7:00. Pasterka w kaplicach w Miejscu i Przewozie 24 grudnia o godz. 22:00, w ko\u015bciele parafialnym o p\u00f3\u0142nocy. <\/p>\n\n\n\n<p>31 grudnia uroczyste nieszpory i Msza na zako\u0144czenie roku kalendarzowego o 16:30. <\/p>\n\n\n\n<p>Drogi Krzy\u017cowe odprawiane s\u0105 w okresie Wielkiego Postu; w pi\u0105tki o 17:30 i 18:45, w niedziele o 16:30. Gorzkie \u017bale z kazaniem pasyjnym odprawiane s\u0105 w niedziele Wielkiego Postu o 17:00. Triduum Paschalne rozpoczyna si\u0119 Msz\u0105 Wieczerzy Pa\u0144skiej w Wielki Czwartek o 18:00. Adoracja Naj\u015bwi\u0119tszego Sakramentu w miejscu przechowania zwanym ciemnic\u0105 od przeniesienia po Mszy Wieczerzy Pa\u0144skiej do 22:00, a w Wielki Pi\u0105tek od 8:00. Wielkopi\u0105tkowa Liturgia M\u0119ki Pa\u0144skiej rozpoczyna si\u0119 o 18:00, poprzedza j\u0105 Droga Krzy\u017cowa o 17:30. O p\u00f3\u0142nocy intonowane s\u0105 3 cz\u0119\u015bci Gorzkich \u017bali z kazaniem pasyjnym. Adoracja Naj\u015bwi\u0119tszego Sakramentu w Grobie Pa\u0144skim trwa nieprzerwanie a\u017c do rozpocz\u0119cia Liturgii Wigilii Paschalnej w Wielk\u0105 Sobot\u0119 o godz. 18:00. Procesja Rezurekcyjna wyrusza w Niedziel\u0119 Wielkanocn\u0105 Zmartwychwstania Pa\u0144skiego o 6:45, po kt\u00f3rej nast\u0119puje Msza \u015bw. Pozosta\u0142e Msze w porz\u0105dku niedzielnym. <\/p>\n\n\n\n<p>W poniedzia\u0142ek, wtorek i \u015brod\u0119 przed uroczysto\u015bci\u0105 Wniebowst\u0105pienia Pa\u0144skiego maj\u0105 miejsce tzw. Dni Krzy\u017cowe. Przed Msz\u0105 \u015bw. wyrusza wtedy procesja dooko\u0142a ko\u015bcio\u0142a ze stacj\u0105 przy Krzy\u017cu Misyjnym. Intonowana jest w\u00f3wczas Litania do Wszystkich \u015awi\u0119tych. <\/p>\n\n\n\n<p>Nabo\u017ce\u0144stwa majowe i czerwcowe wi\u0105\u017c\u0105 si\u0119 z wystawieniem Naj\u015bwi\u0119tszego Sakramentu po Mszach \u015bw. wieczornych oraz \u015bpiewem Litanii Loreta\u0144skiej (w maju) lub Litanii do Naj\u015bwi\u0119tszego Serca Pana Jezusa (w czerwcu). <\/p>\n\n\n\n<p>W uroczysto\u015b\u0107 Naj\u015bwi\u0119tszego Cia\u0142a i Krwi Chrystusa procesja do czterech o\u0142tarzy wyrusza po Mszy \u015bw. o 9:30. Po procesji kolejna Msza odprawiana jest oko\u0142o godz. 11:45, pozosta\u0142e Msze jak w niedziele. Podczas tradycyjnej Oktawy Bo\u017cego Cia\u0142a po Mszach \u015bw. wieczornych wyrusza procesja eucharystyczna wok\u00f3\u0142 ko\u015bcio\u0142a. <\/p>\n\n\n\n<p>Odpust parafialny ku czci. Naj\u015bwi\u0119tszej Maryi Panny Kr\u00f3lowej prze\u017cywany jest w naszej parafii w niedziel\u0119 najbli\u017csz\u0105 dnia 22 sierpnia. <\/p>\n\n\n\n<p>Nabo\u017ce\u0144stwa r\u00f3\u017ca\u0144cowe trwaj\u0105 przez ca\u0142y pa\u017adziernik i odprawiane s\u0105 w dni powszednie po Mszach \u015bw. wieczornych, a w niedziele o 16:30. W pierwsza niedziel\u0119 pa\u017adziernika nabo\u017ce\u0144stwo r\u00f3\u017ca\u0144cowe ma miejsce podczas procesji wok\u00f3\u0142 ko\u015bcio\u0142a do pi\u0119ciu o\u0142tarzy. <\/p>\n\n\n\n<p>W uroczysto\u015b\u0107 Wszystkich \u015awi\u0119tych Msza \u015bw. w kaplicy cmentarnej o godz. 14:00, natomiast w Dzie\u0144 Zaduszny o 9:00. <\/p>\n\n\n\n<p>W niedziel\u0119 poprzedzaj\u0105c\u0105 uroczysto\u015b\u0107 Chrystusa Kr\u00f3la prze\u017cywamy w naszej parafii uroczysto\u015b\u0107 odpustow\u0105 ku czci \u015bw. Katarzyny Aleksandryjskiej, dziewicy i m\u0119czennicy, patronki parafii.<\/p>\n","protected":false},"excerpt":{"rendered":"<p>Msze \u015bwi\u0119te w dni powszednie: 6:30, 18:00 (w okresie letnim), 17:00 (w okresie zimowym) Msze \u015bwi\u0119te w niedziele i uroczysto\u015bci: 7:30, 8:30 (Kaplica w Miejscu), 9:30, 11:00, 12:15 (Kaplica w Przewozie), 17:00 (w okresie zimowym), 18:00 (w okresie letnim). Dodatkowo w niedziele i uroczysto\u015bci o godz. 7:00 intonowane s\u0105 Godzinki, natomiast o 16:30 (w okresie &#8230; <span class=\"more\"><a class=\"more-link\" href=\"https:\/\/www.parafiaspytkowice.pl\/index.php\/nabozenstwa\/\">[Read more&#8230;]<\/a><\/span><\/p>\n","protected":false},"author":1,"featured_media":0,"parent":0,"menu_order":0,"comment_status":"closed","ping_status":"closed","template":"","meta":{"footnotes":""},"class_list":["entry","page","publish","author-admin","post-9"],"_links":{"self":[{"href":"https:\/\/www.parafiaspytkowice.pl\/index.php\/wp-json\/wp\/v2\/pages\/9","targetHints":{"allow":["GET"]}}],"collection":[{"href":"https:\/\/www.parafiaspytkowice.pl\/index.php\/wp-json\/wp\/v2\/pages"}],"about":[{"href":"https:\/\/www.parafiaspytkowice.pl\/index.php\/wp-json\/wp\/v2\/types\/page"}],"author":[{"embeddable":true,"href":"https:\/\/www.parafiaspytkowice.pl\/index.php\/wp-json\/wp\/v2\/users\/1"}],"replies":[{"embeddable":true,"href":"https:\/\/www.parafiaspytkowice.pl\/index.php\/wp-json\/wp\/v2\/comments?post=9"}],"version-history":[{"count":5,"href":"https:\/\/www.parafiaspytkowice.pl\/index.php\/wp-json\/wp\/v2\/pages\/9\/revisions"}],"predecessor-version":[{"id":158,"href":"https:\/\/www.parafiaspytkowice.pl\/index.php\/wp-json\/wp\/v2\/pages\/9\/revisions\/158"}],"wp:attachment":[{"href":"https:\/\/www.parafiaspytkowice.pl\/index.php\/wp-json\/wp\/v2\/media?parent=9"}],"curies":[{"name":"wp","href":"https:\/\/api.w.org\/{rel}","templated":true}]}}