{"id":38,"date":"2023-10-29T21:10:40","date_gmt":"2023-10-29T21:10:40","guid":{"rendered":"http:\/\/www.parafiaspytkowice.pl\/?page_id=38"},"modified":"2026-05-10T18:42:26","modified_gmt":"2026-05-10T18:42:26","slug":"ogloszenia-parafialne","status":"publish","type":"page","link":"https:\/\/www.parafiaspytkowice.pl\/index.php\/ogloszenia-parafialne\/","title":{"rendered":"OG\u0141OSZENIA PARAFIALNE"},"content":{"rendered":"\n<p><strong>10 V 2026<\/strong><\/p>\n\n\n\n<p><strong>6 NIEDZIELA WIELKANOCNA<\/strong><\/p>\n\n\n\n<p>* W niedziele nabo\u017ce\u0144stwa majowe o godz. 17\u00b3\u2070, a w tygodniu po Mszy \u015bw. wieczornej. Zapraszamy na wsp\u00f3ln\u0105 modlitw\u0119, aby uwielbia\u0107 Matk\u0119 Zbawiciela \u015bpiewem Litanii Loreta\u0144skiej. Bardzo serdecznie zapraszamy dzieci przyst\u0119puj\u0105ce do Pierwszej Komunii \u015bw. oraz ich rodzic\u00f3w.<\/p>\n\n\n\n<p>* W poniedzia\u0142ek, wtorek i \u015brod\u0119 przypadaj\u0105 Dni Krzy\u017cowe, podczas kt\u00f3rych modlimy si\u0119 o dobre urodzaje i owoce pracy ludzkiej, polecamy w nich tak\u017ce wszystkich tych, kt\u00f3rzy g\u0142oduj\u0105.<\/p>\n\n\n\n<p>* W \u015brod\u0119 zapraszamy dzieci pierwszokomunijne z rodzicami, a szczeg\u00f3lnie z ojcami, na odnowienie przyrzecze\u0144 chrzcielnych na Msz\u0119 \u015bw. o godz. 18\u2070\u2070.<\/p>\n\n\n\n<p>* W przysz\u0142\u0105 niedziel\u0119 Uroczysto\u015b\u0107 Wniebowst\u0105pienia Pa\u0144skiego oraz Pierwsza Komunia \u015awi\u0119ta dzieci klas III podczas Mszy \u015bw. o godz. 11\u2070\u2070. Bardzo prosimy osoby nie zainteresowane uroczysto\u015bci\u0105 o przyj\u015bcie na inn\u0105 godzin\u0119 Mszy \u015bw.<\/p>\n\n\n\n<p><\/p>\n","protected":false},"excerpt":{"rendered":"<p>10 V 2026 6 NIEDZIELA WIELKANOCNA * W niedziele nabo\u017ce\u0144stwa majowe o godz. 17\u00b3\u2070, a w tygodniu po Mszy \u015bw. wieczornej. Zapraszamy na wsp\u00f3ln\u0105 modlitw\u0119, aby uwielbia\u0107 Matk\u0119 Zbawiciela \u015bpiewem Litanii Loreta\u0144skiej. Bardzo serdecznie zapraszamy dzieci przyst\u0119puj\u0105ce do Pierwszej Komunii \u015bw. oraz ich rodzic\u00f3w. * W poniedzia\u0142ek, wtorek i \u015brod\u0119 przypadaj\u0105 Dni Krzy\u017cowe, podczas kt\u00f3rych &#8230; <span class=\"more\"><a class=\"more-link\" href=\"https:\/\/www.parafiaspytkowice.pl\/index.php\/ogloszenia-parafialne\/\">[Read more&#8230;]<\/a><\/span><\/p>\n","protected":false},"author":1,"featured_media":0,"parent":0,"menu_order":0,"comment_status":"closed","ping_status":"closed","template":"","meta":{"footnotes":""},"class_list":["entry","page","publish","author-admin","post-38"],"_links":{"self":[{"href":"https:\/\/www.parafiaspytkowice.pl\/index.php\/wp-json\/wp\/v2\/pages\/38","targetHints":{"allow":["GET"]}}],"collection":[{"href":"https:\/\/www.parafiaspytkowice.pl\/index.php\/wp-json\/wp\/v2\/pages"}],"about":[{"href":"https:\/\/www.parafiaspytkowice.pl\/index.php\/wp-json\/wp\/v2\/types\/page"}],"author":[{"embeddable":true,"href":"https:\/\/www.parafiaspytkowice.pl\/index.php\/wp-json\/wp\/v2\/users\/1"}],"replies":[{"embeddable":true,"href":"https:\/\/www.parafiaspytkowice.pl\/index.php\/wp-json\/wp\/v2\/comments?post=38"}],"version-history":[{"count":150,"href":"https:\/\/www.parafiaspytkowice.pl\/index.php\/wp-json\/wp\/v2\/pages\/38\/revisions"}],"predecessor-version":[{"id":996,"href":"https:\/\/www.parafiaspytkowice.pl\/index.php\/wp-json\/wp\/v2\/pages\/38\/revisions\/996"}],"wp:attachment":[{"href":"https:\/\/www.parafiaspytkowice.pl\/index.php\/wp-json\/wp\/v2\/media?parent=38"}],"curies":[{"name":"wp","href":"https:\/\/api.w.org\/{rel}","templated":true}]}}