{"id":15,"date":"2023-10-29T20:54:55","date_gmt":"2023-10-29T20:54:55","guid":{"rendered":"http:\/\/www.parafiaspytkowice.pl\/?page_id=15"},"modified":"2024-02-17T15:10:39","modified_gmt":"2024-02-17T15:10:39","slug":"kontakt","status":"publish","type":"page","link":"https:\/\/www.parafiaspytkowice.pl\/index.php\/kontakt\/","title":{"rendered":"Kontakt"},"content":{"rendered":"\n<p><strong>Parafia Rzymskokatolicka pw. \u015bw. Katarzyny Aleksandryjskiej<\/strong><\/p>\n\n\n\n<p><strong>ul. Jana Paw\u0142a II 2, 34 &#8211; 116 Spytkowice<\/strong><\/p>\n\n\n\n<p><strong>tel. 33 879 11 95<\/strong><\/p>\n\n\n\n<p><strong>Konto parafii &#8211; Bank Sp\u00f3\u0142dzielczy w Brze\u017anicy<br>Nr konta: 42 8112 0008 0033 9650 2000 0010<\/strong><\/p>\n\n\n\n<p><strong>Jak dojecha\u0107:<\/strong> <a href=\"https:\/\/www.google.com\/maps\/place\/Parafia+%C5%9Bw.+Katarzyny+Aleksandryjskiej\/@49.9952096,19.5063621,17z\/data=!4m14!1m7!3m6!1s0x47168d82d77b9d33:0xe042e474adafa722!2sParafia+%C5%9Bw.+Katarzyny+Aleksandryjskiej!8m2!3d49.9952096!4d19.508937!16s%2Fg%2F12365lt2!3m5!1s0x47168d82d77b9d33:0xe042e474adafa722!8m2!3d49.9952096!4d19.508937!16s%2Fg%2F12365lt2?hl=pl-PL&amp;entry=ttu\">Parafia \u015bw. Katarzyny Aleksandryjskiej \u2013 Mapy Google<\/a><\/p>\n","protected":false},"excerpt":{"rendered":"<p>Parafia Rzymskokatolicka pw. \u015bw. Katarzyny Aleksandryjskiej ul. Jana Paw\u0142a II 2, 34 &#8211; 116 Spytkowice tel. 33 879 11 95 Konto parafii &#8211; Bank Sp\u00f3\u0142dzielczy w Brze\u017anicyNr konta: 42 8112 0008 0033 9650 2000 0010 Jak dojecha\u0107: Parafia \u015bw. Katarzyny Aleksandryjskiej \u2013 Mapy Google<\/p>\n","protected":false},"author":1,"featured_media":0,"parent":0,"menu_order":0,"comment_status":"closed","ping_status":"closed","template":"","meta":{"footnotes":""},"class_list":["entry","page","publish","author-admin","post-15"],"_links":{"self":[{"href":"https:\/\/www.parafiaspytkowice.pl\/index.php\/wp-json\/wp\/v2\/pages\/15","targetHints":{"allow":["GET"]}}],"collection":[{"href":"https:\/\/www.parafiaspytkowice.pl\/index.php\/wp-json\/wp\/v2\/pages"}],"about":[{"href":"https:\/\/www.parafiaspytkowice.pl\/index.php\/wp-json\/wp\/v2\/types\/page"}],"author":[{"embeddable":true,"href":"https:\/\/www.parafiaspytkowice.pl\/index.php\/wp-json\/wp\/v2\/users\/1"}],"replies":[{"embeddable":true,"href":"https:\/\/www.parafiaspytkowice.pl\/index.php\/wp-json\/wp\/v2\/comments?post=15"}],"version-history":[{"count":6,"href":"https:\/\/www.parafiaspytkowice.pl\/index.php\/wp-json\/wp\/v2\/pages\/15\/revisions"}],"predecessor-version":[{"id":256,"href":"https:\/\/www.parafiaspytkowice.pl\/index.php\/wp-json\/wp\/v2\/pages\/15\/revisions\/256"}],"wp:attachment":[{"href":"https:\/\/www.parafiaspytkowice.pl\/index.php\/wp-json\/wp\/v2\/media?parent=15"}],"curies":[{"name":"wp","href":"https:\/\/api.w.org\/{rel}","templated":true}]}}