{"id":10,"date":"2023-10-29T20:54:55","date_gmt":"2023-10-29T20:54:55","guid":{"rendered":"http:\/\/www.parafiaspytkowice.pl\/?page_id=10"},"modified":"2023-11-06T19:34:37","modified_gmt":"2023-11-06T19:34:37","slug":"swiatynia","status":"publish","type":"page","link":"https:\/\/www.parafiaspytkowice.pl\/index.php\/swiatynia\/","title":{"rendered":"\u015awi\u0105tynia"},"content":{"rendered":"\n<p>Pierwszy \u017ar\u00f3d\u0142owy zapis potwierdzaj\u0105cy istnienie Spytkowic ko\u0142o Zatora pochodzi z 1229 roku, kiedy to mia\u0142 miejsce zjazd ksi\u0105\u017c\u0105t piastowskich zwo\u0142any przez ksi\u0119cia Henryka Brodatego. Najwcze\u015bniejsza z kolei wzmianka o istnieniu drewnianego ko\u015bcio\u0142a pw. \u015bw. Katarzyny Aleksandryjskiej pochodzi z roku 1322, kiedy to do rejestru diecezji krakowskiej zostaje wpisany \u00f3wczesny proboszcz Spytkowic Micha\u0142. Budow\u0119 obecnej wczesnobarokowej \u015bwi\u0105tyni rozpocz\u0105\u0142 w 1633 roku bp warmi\u0144ski Miko\u0142aj Szyszkowski, a zako\u0144czy\u0142 podskarbi pozna\u0144ski \u0141ukasz Opali\u0144ski. Spytkowicka fara zosta\u0142a konsekrowana 14 wrze\u015bnia 1683 roku przez biskupa Miko\u0142aja Oborskiego, sufragana krakowskiego. Okaza\u0142\u0105 bry\u0142\u0119 \u015bwi\u0105tyni tworzy prostok\u0105tna nawa oraz w\u0119\u017csze od niej prezbiterium zako\u0144czone od wschodu p\u00f3\u0142kolist\u0105 apsyd\u0105. Zakrysti\u0119 wraz ze skarbczykiem usytuowano od strony po\u0142udniowej, z kolei od p\u00f3\u0142nocy wzniesiono kaplic\u0119 pierwotnie pe\u0142ni\u0105c\u0105 funkcj\u0119 baptysterium. Dodatkowo do mur\u00f3w nawy przylega wie\u017ca powsta\u0142a w 1664 roku, oraz kruchty dobudowane w roku 1895. Posadzka ko\u015bcio\u0142a po\u0142o\u017cona zosta\u0142a z kamieni marmurowych w 1886 roku. Na uwag\u0119 zas\u0142uguj\u0105 tak\u017ce barokowe obramienia okienne zakrystii i kaplicy oraz portale wej\u015bciowe wykonane z piaskowca. Obecna, lekka i stonowana polichromia \u015bwi\u0105tyni zosta\u0142a wykonana w 1977 roku i zast\u0105pi\u0142a barwne malowid\u0142a w stylu M\u0142odej Polski. Ponadto na sklepieniu mo\u017cna dostrzec dwa herby: Ostoj\u0119 \u2013 herb Miko\u0142aja Szyszkowskiego, oraz Pilaw\u0119 b\u0119d\u0105c\u0105 herbem Potockich. Centrum wyposa\u017cenia \u015bwi\u0105tyni stanowi o\u0142tarz g\u0142\u00f3wny wykonany w 1645 roku przez krakowskiego stolarza Jerzego Cymermana, kt\u00f3ry wraz z tabernakulum stanowi cenny przyk\u0142ad wczesnobarokowego kunsztu. Powy\u017cej tabernakulum umieszczono obraz przedstawiaj\u0105cy m\u0119cze\u0144stwo \u015bw. Katarzyny, kt\u00f3ry najprawdopodobniej zosta\u0142 przywieziony z Rzymu w roku 1646. Przed o\u0142tarzem g\u0142\u00f3wnym umiejscowiony zosta\u0142 o\u0142tarz soborowy wraz z ambonk\u0105 ufundowany w roku 2006. W naro\u017cnikach nawy znajduj\u0105 si\u0119 p\u00f3\u017anobarokowe o\u0142tarze boczne. Lewy powsta\u0142 w 1754 roku i po\u015bwi\u0119cony zosta\u0142 M\u0119ce Pa\u0144skiej. G\u0142\u00f3wnym obrazem jest wizerunek Chrystusa Ukrzy\u017cowanego, kt\u00f3ry zasuwany bywa obrazem \u015bw. Antoniego. O\u0142tarz boczny prawy pochodzi z roku 1753, a jego centrum stanowi s\u0142yn\u0105cy \u0142askami obraz Matki Boskiej Spytkowickiej. W o\u0142tarzu umieszczony zosta\u0142 tak\u017ce obraz przedstawiaj\u0105cy \u015bw. J\u00f3zefa pochodz\u0105cy z II po\u0142owy XVIII wieku. Ponadto w kaplicy, zwanej dzi\u015b r\u00f3\u017ca\u0144cow\u0105, znajduje si\u0119 wczesnobarokowy o\u0142tarz z II po\u0142owy XVII wieku. Umieszczony w nim obraz, namalowany w 1899 roku, przedstawia Matk\u0119 Bo\u017c\u0105 z Dzieci\u0105tkiem oraz \u015bw. Dominika. Cennym przyk\u0142adem sztuki barokowej jest r\u00f3wnie\u017c XVIII-wieczna belka t\u0119czowa z krucyfiksem oraz figurami Maryi i \u015bw. Jana Ewangelisty, kt\u00f3ra oddziela naw\u0119 od prezbiterium. Pod ni\u0105, na p\u00f3\u0142nocnej \u015bcianie ko\u015bcio\u0142a, zawieszona jest barokowa ambona pochodz\u0105ca z I po\u0142owy XVIII wieku. Naprzeciw ambony, przy o\u0142tarzu Matki Bo\u017cej Spytkowickiej usytuowana zosta\u0142a chrzcielnica wykonana oko\u0142o 1650 roku. Przy zachodniej \u015bcianie \u015bwi\u0105tyni w po\u0142owie XVII w. wzniesiony zosta\u0142 ch\u00f3r muzyczny, na kt\u00f3rym znajduj\u0105 si\u0119 22-g\u0142osowe organy sk\u0142adaj\u0105ce si\u0119 z wczesnobarokowej szafy organowej pochodz\u0105cej z II po\u0142owy XVII wieku oraz zawieszonego nad gzymsem parawanowego prospektu wykonanego wraz z nowym instrumentem w 1967 roku. Obok wymienionych powy\u017cej dzie\u0142 sztuki warto zwr\u00f3ci\u0107 uwag\u0119 na stacje Drogi Krzy\u017cowej, kt\u00f3re wykonane zosta\u0142y w XIX wieku w tradycji barokowej. Z tego samego okresu pochodz\u0105 tak\u017ce trzy konfesjona\u0142y r\u00f3wnie\u017c nawi\u0105zuj\u0105ce do sztuki baroku. \u015awi\u0105tyni\u0119 ponadto zdobi d\u0119bowa balustrada usytuowana przed o\u0142tarzem soborowym wykonana w 1883 roku oraz kryszta\u0142owe \u017cyrandole, kt\u00f3re zosta\u0142y sprowadzone z Wiednia w roku 1888. Wie\u017ca ko\u015bcielna, pe\u0142ni\u0105ca funkcj\u0119 dzwonnicy, mie\u015bci na szczycie trzy dzwony, z kt\u00f3rych dwa m\u0142odsze zosta\u0142y odlane w 1960 roku w Niemczech, z kolei najwi\u0119kszy, po\u015bwi\u0119cony Matce Bo\u017cej, odlany zosta\u0142 w XV wieku, a wi\u0119c przed budow\u0105 obecnego ko\u015bcio\u0142a. Mo\u017cliwe jest zatem, i\u017c dzwon ten jest ostatnim \u015bladem, jaki pozosta\u0142 po pierwotnej, drewnianej \u015bwi\u0105tyni.<\/p>\n","protected":false},"excerpt":{"rendered":"<p>Pierwszy \u017ar\u00f3d\u0142owy zapis potwierdzaj\u0105cy istnienie Spytkowic ko\u0142o Zatora pochodzi z 1229 roku, kiedy to mia\u0142 miejsce zjazd ksi\u0105\u017c\u0105t piastowskich zwo\u0142any przez ksi\u0119cia Henryka Brodatego. Najwcze\u015bniejsza z kolei wzmianka o istnieniu drewnianego ko\u015bcio\u0142a pw. \u015bw. Katarzyny Aleksandryjskiej pochodzi z roku 1322, kiedy to do rejestru diecezji krakowskiej zostaje wpisany \u00f3wczesny proboszcz Spytkowic Micha\u0142. Budow\u0119 obecnej wczesnobarokowej &#8230; <span class=\"more\"><a class=\"more-link\" href=\"https:\/\/www.parafiaspytkowice.pl\/index.php\/swiatynia\/\">[Read more&#8230;]<\/a><\/span><\/p>\n","protected":false},"author":1,"featured_media":0,"parent":0,"menu_order":0,"comment_status":"closed","ping_status":"closed","template":"","meta":{"footnotes":""},"class_list":["entry","page","publish","author-admin","post-10"],"_links":{"self":[{"href":"https:\/\/www.parafiaspytkowice.pl\/index.php\/wp-json\/wp\/v2\/pages\/10","targetHints":{"allow":["GET"]}}],"collection":[{"href":"https:\/\/www.parafiaspytkowice.pl\/index.php\/wp-json\/wp\/v2\/pages"}],"about":[{"href":"https:\/\/www.parafiaspytkowice.pl\/index.php\/wp-json\/wp\/v2\/types\/page"}],"author":[{"embeddable":true,"href":"https:\/\/www.parafiaspytkowice.pl\/index.php\/wp-json\/wp\/v2\/users\/1"}],"replies":[{"embeddable":true,"href":"https:\/\/www.parafiaspytkowice.pl\/index.php\/wp-json\/wp\/v2\/comments?post=10"}],"version-history":[{"count":2,"href":"https:\/\/www.parafiaspytkowice.pl\/index.php\/wp-json\/wp\/v2\/pages\/10\/revisions"}],"predecessor-version":[{"id":58,"href":"https:\/\/www.parafiaspytkowice.pl\/index.php\/wp-json\/wp\/v2\/pages\/10\/revisions\/58"}],"wp:attachment":[{"href":"https:\/\/www.parafiaspytkowice.pl\/index.php\/wp-json\/wp\/v2\/media?parent=10"}],"curies":[{"name":"wp","href":"https:\/\/api.w.org\/{rel}","templated":true}]}}